{"id":3342,"date":"2024-07-30T11:41:22","date_gmt":"2024-07-30T11:41:22","guid":{"rendered":"https:\/\/entreled.eu\/how-does-sustainable-entrepreneurship-contribute-to-society\/"},"modified":"2025-04-14T10:36:59","modified_gmt":"2025-04-14T10:36:59","slug":"how-does-sustainable-entrepreneurship-contribute-to-society","status":"publish","type":"page","link":"https:\/\/entreled.eu\/lt\/how-does-sustainable-entrepreneurship-contribute-to-society\/","title":{"rendered":"How does sustainable entrepreneurship contribute to society?"},"content":{"rendered":"\t\t<div data-elementor-type=\"wp-page\" data-elementor-id=\"3342\" class=\"elementor elementor-3342 elementor-2441\" data-elementor-post-type=\"page\">\n\t\t\t\t<div class=\"elementor-element elementor-element-807fe6e e-flex e-con-boxed e-con e-parent\" data-id=\"807fe6e\" data-element_type=\"container\">\n\t\t\t\t\t<div class=\"e-con-inner\">\n\t\t\t\t<div class=\"elementor-element elementor-element-280433a elementor-widget elementor-widget-spacer\" data-id=\"280433a\" data-element_type=\"widget\" data-widget_type=\"spacer.default\">\n\t\t\t\t<div class=\"elementor-widget-container\">\n\t\t\t\t\t\t\t<div class=\"elementor-spacer\">\n\t\t\t<div class=\"elementor-spacer-inner\"><\/div>\n\t\t<\/div>\n\t\t\t\t\t\t<\/div>\n\t\t\t\t<\/div>\n\t\t\t\t<div class=\"elementor-element elementor-element-c4c7751 elementor-widget__width-initial elementor-widget elementor-widget-heading\" data-id=\"c4c7751\" data-element_type=\"widget\" data-widget_type=\"heading.default\">\n\t\t\t\t<div class=\"elementor-widget-container\">\n\t\t\t\t\t<h2 class=\"elementor-heading-title elementor-size-default\">Kaip tvarioji verslininkyst\u0117 prisideda prie visuomen\u0117s gerov\u0117s?<\/h2>\t\t\t\t<\/div>\n\t\t\t\t<\/div>\n\t\t\t\t<div class=\"elementor-element elementor-element-3211de8 elementor-widget elementor-widget-shortcode\" data-id=\"3211de8\" data-element_type=\"widget\" data-widget_type=\"shortcode.default\">\n\t\t\t\t<div class=\"elementor-widget-container\">\n\t\t\t\t\t\t\t<div class=\"elementor-shortcode\"><div class=\"h5p-iframe-wrapper\"><iframe id=\"h5p-iframe-22\" class=\"h5p-iframe\" data-content-id=\"22\" style=\"height:1px\" src=\"about:blank\" frameBorder=\"0\" scrolling=\"no\" title=\"LT_ How does sustainable entrepreneurship contribute to society?\"><\/iframe><\/div><\/div>\n\t\t\t\t\t\t<\/div>\n\t\t\t\t<\/div>\n\t\t\t\t<div class=\"elementor-element elementor-element-ddbe20a elementor-widget elementor-widget-spacer\" data-id=\"ddbe20a\" data-element_type=\"widget\" data-widget_type=\"spacer.default\">\n\t\t\t\t<div class=\"elementor-widget-container\">\n\t\t\t\t\t\t\t<div class=\"elementor-spacer\">\n\t\t\t<div class=\"elementor-spacer-inner\"><\/div>\n\t\t<\/div>\n\t\t\t\t\t\t<\/div>\n\t\t\t\t<\/div>\n\t\t\t\t\t<\/div>\n\t\t\t\t<\/div>\n\t\t\t\t<\/div>\n\t\t","protected":false},"excerpt":{"rendered":"<p>Kaip tvarioji verslininkyst\u0117 prisideda prie visuomen\u0117s gerov\u0117s?<\/p>\n","protected":false},"author":2,"featured_media":0,"parent":0,"menu_order":0,"comment_status":"closed","ping_status":"closed","template":"","meta":{"footnotes":""},"class_list":["post-3342","page","type-page","status-publish","hentry"],"_links":{"self":[{"href":"https:\/\/entreled.eu\/lt\/wp-json\/wp\/v2\/pages\/3342","targetHints":{"allow":["GET"]}}],"collection":[{"href":"https:\/\/entreled.eu\/lt\/wp-json\/wp\/v2\/pages"}],"about":[{"href":"https:\/\/entreled.eu\/lt\/wp-json\/wp\/v2\/types\/page"}],"author":[{"embeddable":true,"href":"https:\/\/entreled.eu\/lt\/wp-json\/wp\/v2\/users\/2"}],"replies":[{"embeddable":true,"href":"https:\/\/entreled.eu\/lt\/wp-json\/wp\/v2\/comments?post=3342"}],"version-history":[{"count":5,"href":"https:\/\/entreled.eu\/lt\/wp-json\/wp\/v2\/pages\/3342\/revisions"}],"predecessor-version":[{"id":4135,"href":"https:\/\/entreled.eu\/lt\/wp-json\/wp\/v2\/pages\/3342\/revisions\/4135"}],"wp:attachment":[{"href":"https:\/\/entreled.eu\/lt\/wp-json\/wp\/v2\/media?parent=3342"}],"curies":[{"name":"wp","href":"https:\/\/api.w.org\/{rel}","templated":true}]}}