{"id":3310,"date":"2024-09-12T09:03:18","date_gmt":"2024-09-12T09:03:18","guid":{"rendered":"https:\/\/entreled.eu\/ecotech-quest-digital-tools-for-green-companies\/"},"modified":"2025-04-14T10:30:30","modified_gmt":"2025-04-14T10:30:30","slug":"ecotech-quest-digital-tools-for-green-companies","status":"publish","type":"page","link":"https:\/\/entreled.eu\/lt\/ecotech-quest-digital-tools-for-green-companies\/","title":{"rendered":"EcoTech Quest: Digital Tools for Green Companies"},"content":{"rendered":"\t\t<div data-elementor-type=\"wp-page\" data-elementor-id=\"3310\" class=\"elementor elementor-3310 elementor-2628\" data-elementor-post-type=\"page\">\n\t\t\t\t<div class=\"elementor-element elementor-element-cf059d3 e-flex e-con-boxed e-con e-parent\" data-id=\"cf059d3\" data-element_type=\"container\">\n\t\t\t\t\t<div class=\"e-con-inner\">\n\t\t\t\t<div class=\"elementor-element elementor-element-450ea45 elementor-widget elementor-widget-spacer\" data-id=\"450ea45\" data-element_type=\"widget\" data-widget_type=\"spacer.default\">\n\t\t\t\t<div class=\"elementor-widget-container\">\n\t\t\t\t\t\t\t<div class=\"elementor-spacer\">\n\t\t\t<div class=\"elementor-spacer-inner\"><\/div>\n\t\t<\/div>\n\t\t\t\t\t\t<\/div>\n\t\t\t\t<\/div>\n\t\t\t\t<div class=\"elementor-element elementor-element-d5c477c elementor-widget elementor-widget-heading\" data-id=\"d5c477c\" data-element_type=\"widget\" data-widget_type=\"heading.default\">\n\t\t\t\t<div class=\"elementor-widget-container\">\n\t\t\t\t\t<h2 class=\"elementor-heading-title elementor-size-default\">\u201eEcoTech Quest\": Skaitmeniniai \u012frankiai ekologi\u0161koms \u012fmon\u0117ms<\/h2>\t\t\t\t<\/div>\n\t\t\t\t<\/div>\n\t\t\t\t<div class=\"elementor-element elementor-element-c83fead elementor-widget elementor-widget-shortcode\" data-id=\"c83fead\" data-element_type=\"widget\" data-widget_type=\"shortcode.default\">\n\t\t\t\t<div class=\"elementor-widget-container\">\n\t\t\t\t\t\t\t<div class=\"elementor-shortcode\"><div class=\"h5p-iframe-wrapper\"><iframe id=\"h5p-iframe-26\" class=\"h5p-iframe\" data-content-id=\"26\" style=\"height:1px\" src=\"about:blank\" frameBorder=\"0\" scrolling=\"no\" title=\"LT_ EcoTech Quest: Digital Tools for Green Companies\"><\/iframe><\/div><\/div>\n\t\t\t\t\t\t<\/div>\n\t\t\t\t<\/div>\n\t\t\t\t<div class=\"elementor-element elementor-element-1325995 elementor-widget elementor-widget-spacer\" data-id=\"1325995\" data-element_type=\"widget\" data-widget_type=\"spacer.default\">\n\t\t\t\t<div class=\"elementor-widget-container\">\n\t\t\t\t\t\t\t<div class=\"elementor-spacer\">\n\t\t\t<div class=\"elementor-spacer-inner\"><\/div>\n\t\t<\/div>\n\t\t\t\t\t\t<\/div>\n\t\t\t\t<\/div>\n\t\t\t\t\t<\/div>\n\t\t\t\t<\/div>\n\t\t\t\t<\/div>\n\t\t","protected":false},"excerpt":{"rendered":"<p>\u201eEcoTech Quest&#8221;: Skaitmeniniai \u012frankiai ekologi\u0161koms \u012fmon\u0117ms<\/p>\n","protected":false},"author":2,"featured_media":0,"parent":0,"menu_order":0,"comment_status":"closed","ping_status":"closed","template":"","meta":{"footnotes":""},"class_list":["post-3310","page","type-page","status-publish","hentry"],"_links":{"self":[{"href":"https:\/\/entreled.eu\/lt\/wp-json\/wp\/v2\/pages\/3310","targetHints":{"allow":["GET"]}}],"collection":[{"href":"https:\/\/entreled.eu\/lt\/wp-json\/wp\/v2\/pages"}],"about":[{"href":"https:\/\/entreled.eu\/lt\/wp-json\/wp\/v2\/types\/page"}],"author":[{"embeddable":true,"href":"https:\/\/entreled.eu\/lt\/wp-json\/wp\/v2\/users\/2"}],"replies":[{"embeddable":true,"href":"https:\/\/entreled.eu\/lt\/wp-json\/wp\/v2\/comments?post=3310"}],"version-history":[{"count":2,"href":"https:\/\/entreled.eu\/lt\/wp-json\/wp\/v2\/pages\/3310\/revisions"}],"predecessor-version":[{"id":4107,"href":"https:\/\/entreled.eu\/lt\/wp-json\/wp\/v2\/pages\/3310\/revisions\/4107"}],"wp:attachment":[{"href":"https:\/\/entreled.eu\/lt\/wp-json\/wp\/v2\/media?parent=3310"}],"curies":[{"name":"wp","href":"https:\/\/api.w.org\/{rel}","templated":true}]}}