{"id":2136,"date":"2024-01-11T08:22:45","date_gmt":"2024-01-11T08:22:45","guid":{"rendered":"https:\/\/entreled.eu\/pagrindinis\/"},"modified":"2024-06-19T12:57:14","modified_gmt":"2024-06-19T12:57:14","slug":"pagrindinis","status":"publish","type":"page","link":"https:\/\/entreled.eu\/lt\/","title":{"rendered":"Pagrindinis"},"content":{"rendered":"\t\t<div data-elementor-type=\"wp-page\" data-elementor-id=\"2136\" class=\"elementor elementor-2136 elementor-22\" data-elementor-post-type=\"page\">\n\t\t\t\t<div class=\"elementor-element elementor-element-907b5d2 e-con-full e-flex e-con e-parent\" data-id=\"907b5d2\" data-element_type=\"container\" data-settings=\"{&quot;background_background&quot;:&quot;classic&quot;}\">\n\t\t<div class=\"elementor-element elementor-element-82ce050 e-con-full e-flex e-con e-child\" data-id=\"82ce050\" data-element_type=\"container\">\n\t\t\t\t<div class=\"elementor-element elementor-element-7880152 elementor-widget elementor-widget-spacer\" data-id=\"7880152\" data-element_type=\"widget\" data-widget_type=\"spacer.default\">\n\t\t\t\t<div class=\"elementor-widget-container\">\n\t\t\t\t\t\t\t<div class=\"elementor-spacer\">\n\t\t\t<div class=\"elementor-spacer-inner\"><\/div>\n\t\t<\/div>\n\t\t\t\t\t\t<\/div>\n\t\t\t\t<\/div>\n\t\t\t\t<div class=\"elementor-element elementor-element-5ef54ea elementor-widget elementor-widget-heading\" data-id=\"5ef54ea\" data-element_type=\"widget\" data-widget_type=\"heading.default\">\n\t\t\t\t<div class=\"elementor-widget-container\">\n\t\t\t\t\t<h2 class=\"elementor-heading-title elementor-size-default\">Sveiki atvyk\u0119 \u012f Entreled!<\/h2>\t\t\t\t<\/div>\n\t\t\t\t<\/div>\n\t\t\t\t<div class=\"elementor-element elementor-element-9b7fd31 elementor-widget__width-initial elementor-widget elementor-widget-text-editor\" data-id=\"9b7fd31\" data-element_type=\"widget\" data-widget_type=\"text-editor.default\">\n\t\t\t\t<div class=\"elementor-widget-container\">\n\t\t\t\t\t\t\t\t\t<p>M\u016bs\u0173 &#8222;Erasmus+&#8221; projektas, kurio tikslas \u2013 \u012fgalinti besimokan\u010dius PRM studentus, turin\u010dius mokymosi sunkum\u0173, ugdant j\u0173 kompetencijas ir \u012fg\u016bd\u017eius, kuriuos jie gali \u012fgyti \u017eiedin\u0117s ekonomikos sektoriuje.<\/p>\n\t\t\t\t\t\t\t\t<\/div>\n\t\t\t\t<\/div>\n\t\t\t\t<div class=\"elementor-element elementor-element-de385d8 elementor-widget elementor-widget-button\" data-id=\"de385d8\" data-element_type=\"widget\" data-widget_type=\"button.default\">\n\t\t\t\t<div class=\"elementor-widget-container\">\n\t\t\t\t\t\t\t\t\t<div class=\"elementor-button-wrapper\">\n\t\t\t\t\t<a class=\"elementor-button elementor-button-link elementor-size-sm\" href=\"https:\/\/entreled.eu\/lt\/apie\/\">\n\t\t\t\t\t\t<span class=\"elementor-button-content-wrapper\">\n\t\t\t\t\t\t\t\t\t<span class=\"elementor-button-text\">Rodyti daugiau<\/span>\n\t\t\t\t\t<\/span>\n\t\t\t\t\t<\/a>\n\t\t\t\t<\/div>\n\t\t\t\t\t\t\t\t<\/div>\n\t\t\t\t<\/div>\n\t\t\t\t<\/div>\n\t\t<div class=\"elementor-element elementor-element-146520a e-con-full e-flex e-con e-child\" data-id=\"146520a\" data-element_type=\"container\">\n\t\t\t\t<div class=\"elementor-element elementor-element-ff02366 e-transform elementor-hidden-mobile elementor-widget elementor-widget-image\" data-id=\"ff02366\" data-element_type=\"widget\" data-settings=\"{&quot;_transform_rotateZ_effect&quot;:{&quot;unit&quot;:&quot;px&quot;,&quot;size&quot;:90,&quot;sizes&quot;:[]},&quot;_transform_rotateZ_effect_tablet&quot;:{&quot;unit&quot;:&quot;deg&quot;,&quot;size&quot;:&quot;&quot;,&quot;sizes&quot;:[]},&quot;_transform_rotateZ_effect_mobile&quot;:{&quot;unit&quot;:&quot;deg&quot;,&quot;size&quot;:&quot;&quot;,&quot;sizes&quot;:[]}}\" data-widget_type=\"image.default\">\n\t\t\t\t<div class=\"elementor-widget-container\">\n\t\t\t\t\t\t\t\t\t\t\t\t\t\t\t<img decoding=\"async\" width=\"154\" height=\"31\" src=\"https:\/\/entreled.eu\/wp-content\/uploads\/2024\/01\/arrow-1.svg\" class=\"attachment-full size-full wp-image-1464\" alt=\"\" \/>\t\t\t\t\t\t\t\t\t\t\t\t\t\t\t<\/div>\n\t\t\t\t<\/div>\n\t\t\t\t<\/div>\n\t\t<div class=\"elementor-element elementor-element-ddb7d66 e-con-full e-flex e-con e-child\" data-id=\"ddb7d66\" data-element_type=\"container\">\n\t\t\t\t<div class=\"elementor-element elementor-element-02cf0a4 elementor-widget elementor-widget-image\" data-id=\"02cf0a4\" data-element_type=\"widget\" data-widget_type=\"image.default\">\n\t\t\t\t<div class=\"elementor-widget-container\">\n\t\t\t\t\t\t\t\t\t\t\t\t\t\t\t<img fetchpriority=\"high\" decoding=\"async\" width=\"874\" height=\"563\" src=\"https:\/\/entreled.eu\/wp-content\/uploads\/2024\/01\/hero.svg\" class=\"attachment-full size-full wp-image-1452\" alt=\"\" \/>\t\t\t\t\t\t\t\t\t\t\t\t\t\t\t<\/div>\n\t\t\t\t<\/div>\n\t\t\t\t<div class=\"elementor-element elementor-element-a823b4d elementor-widget elementor-widget-heading\" data-id=\"a823b4d\" data-element_type=\"widget\" data-widget_type=\"heading.default\">\n\t\t\t\t<div class=\"elementor-widget-container\">\n\t\t\t\t\t<h2 class=\"elementor-heading-title elementor-size-default\">I\u0161ry\u0161kinkite savo profesinio rengimo ir mokymo potencial\u0105<\/h2>\t\t\t\t<\/div>\n\t\t\t\t<\/div>\n\t\t\t\t<\/div>\n\t\t\t\t<\/div>\n\t\t<div class=\"elementor-element elementor-element-6fb0489 e-con-full e-flex e-con e-parent\" data-id=\"6fb0489\" data-element_type=\"container\">\n\t\t<div class=\"elementor-element elementor-element-54661dd e-con-full e-flex e-con e-child\" data-id=\"54661dd\" data-element_type=\"container\">\n\t\t\t\t<div class=\"elementor-element elementor-element-4b4538f elementor-widget elementor-widget-image\" data-id=\"4b4538f\" data-element_type=\"widget\" data-widget_type=\"image.default\">\n\t\t\t\t<div class=\"elementor-widget-container\">\n\t\t\t\t\t\t\t\t\t\t\t\t\t\t\t<img decoding=\"async\" width=\"741\" height=\"460\" src=\"https:\/\/entreled.eu\/wp-content\/uploads\/2024\/01\/aim.svg\" class=\"attachment-full size-full wp-image-1460\" alt=\"\" \/>\t\t\t\t\t\t\t\t\t\t\t\t\t\t\t<\/div>\n\t\t\t\t<\/div>\n\t\t\t\t<\/div>\n\t\t<div class=\"elementor-element elementor-element-f977d93 e-con-full e-flex e-con e-child\" data-id=\"f977d93\" data-element_type=\"container\">\n\t\t\t\t<div class=\"elementor-element elementor-element-e5de7ab elementor-widget__width-initial elementor-widget elementor-widget-text-editor\" data-id=\"e5de7ab\" data-element_type=\"widget\" data-widget_type=\"text-editor.default\">\n\t\t\t\t<div class=\"elementor-widget-container\">\n\t\t\t\t\t\t\t\t\t<h2>Ko mes siekiame!<\/h2>\n<p>Taikydama specialiai pritaikytus metodus ir novatori\u0161kas strategijas, ENTRELED siekia suteikti \u0161iems besimokantiesiems \u012fg\u016bd\u017ei\u0173 ir galimybi\u0173, reikaling\u0173 s\u0117kmingai verslininko veiklai \u017eiedin\u0117je ekonomikoje. \u012egyvendindama tikslines intervencines priemones ir skatindama bendradarbiavim\u0105, ji siekia suma\u017einti atotr\u016bk\u012f tarp potencialo ir galimybi\u0173, atverdama keli\u0105 \u012f \u012ftraukesn\u0119 ir tvaresn\u0119 ateit\u012f.<\/p>\n\t\t\t\t\t\t\t\t<\/div>\n\t\t\t\t<\/div>\n\t\t\t\t<div class=\"elementor-element elementor-element-41225cf elementor-widget elementor-widget-button\" data-id=\"41225cf\" data-element_type=\"widget\" data-widget_type=\"button.default\">\n\t\t\t\t<div class=\"elementor-widget-container\">\n\t\t\t\t\t\t\t\t\t<div class=\"elementor-button-wrapper\">\n\t\t\t\t\t<a class=\"elementor-button elementor-button-link elementor-size-sm\" href=\"https:\/\/entreled.eu\/lt\/apie\/\">\n\t\t\t\t\t\t<span class=\"elementor-button-content-wrapper\">\n\t\t\t\t\t\t\t\t\t<span class=\"elementor-button-text\">Rodyti daugiau<\/span>\n\t\t\t\t\t<\/span>\n\t\t\t\t\t<\/a>\n\t\t\t\t<\/div>\n\t\t\t\t\t\t\t\t<\/div>\n\t\t\t\t<\/div>\n\t\t\t\t<\/div>\n\t\t\t\t<\/div>\n\t\t<div class=\"elementor-element elementor-element-77c618a e-flex e-con-boxed e-con e-parent\" data-id=\"77c618a\" data-element_type=\"container\">\n\t\t\t\t\t<div class=\"e-con-inner\">\n\t\t\t\t<div class=\"elementor-element elementor-element-484ae99 elementor-widget elementor-widget-heading\" data-id=\"484ae99\" data-element_type=\"widget\" data-widget_type=\"heading.default\">\n\t\t\t\t<div class=\"elementor-widget-container\">\n\t\t\t\t\t<h2 class=\"elementor-heading-title elementor-size-default\">Projekto rezultatai<\/h2>\t\t\t\t<\/div>\n\t\t\t\t<\/div>\n\t\t\t\t\t<\/div>\n\t\t\t\t<\/div>\n\t\t<div class=\"elementor-element elementor-element-55ee2e2 e-con-full e-flex e-con e-parent\" data-id=\"55ee2e2\" data-element_type=\"container\">\n\t\t<div class=\"elementor-element elementor-element-0151a88 e-con-full e-flex e-con e-child\" data-id=\"0151a88\" data-element_type=\"container\">\n\t\t\t\t<div class=\"elementor-element elementor-element-c929ca0 elementor-widget elementor-widget-image\" data-id=\"c929ca0\" data-element_type=\"widget\" data-widget_type=\"image.default\">\n\t\t\t\t<div class=\"elementor-widget-container\">\n\t\t\t\t\t\t\t\t\t\t\t\t\t\t\t<img loading=\"lazy\" decoding=\"async\" width=\"1000\" height=\"756\" src=\"https:\/\/entreled.eu\/wp-content\/uploads\/2024\/01\/home-element01.svg\" class=\"attachment-full size-full wp-image-1768\" alt=\"\" \/>\t\t\t\t\t\t\t\t\t\t\t\t\t\t\t<\/div>\n\t\t\t\t<\/div>\n\t\t\t\t<div class=\"elementor-element elementor-element-f35e25b elementor-widget elementor-widget-text-editor\" data-id=\"f35e25b\" data-element_type=\"widget\" data-widget_type=\"text-editor.default\">\n\t\t\t\t<div class=\"elementor-widget-container\">\n\t\t\t\t\t\t\t\t\t<h4>5 skaitmeniniai edukaciniai \u017eaidimai profesinio mokymo<br \/>\nbesimokantiems asmenims, turintiems mokymosi sunkum\u0173.<\/h4>\n\t\t\t\t\t\t\t\t<\/div>\n\t\t\t\t<\/div>\n\t\t\t\t<div class=\"elementor-element elementor-element-de562e1 elementor-align-center elementor-widget elementor-widget-button\" data-id=\"de562e1\" data-element_type=\"widget\" data-widget_type=\"button.default\">\n\t\t\t\t<div class=\"elementor-widget-container\">\n\t\t\t\t\t\t\t\t\t<div class=\"elementor-button-wrapper\">\n\t\t\t\t\t<a class=\"elementor-button elementor-button-link elementor-size-sm\" href=\"https:\/\/entreled.eu\/lt\/rezultatai\/#vetst\">\n\t\t\t\t\t\t<span class=\"elementor-button-content-wrapper\">\n\t\t\t\t\t\t\t\t\t<span class=\"elementor-button-text\">su\u017einok daugiau<\/span>\n\t\t\t\t\t<\/span>\n\t\t\t\t\t<\/a>\n\t\t\t\t<\/div>\n\t\t\t\t\t\t\t\t<\/div>\n\t\t\t\t<\/div>\n\t\t\t\t<\/div>\n\t\t<div class=\"elementor-element elementor-element-99d1d75 e-con-full e-flex e-con e-child\" data-id=\"99d1d75\" data-element_type=\"container\">\n\t\t\t\t<div class=\"elementor-element elementor-element-c76e6c2 elementor-widget elementor-widget-image\" data-id=\"c76e6c2\" data-element_type=\"widget\" data-widget_type=\"image.default\">\n\t\t\t\t<div class=\"elementor-widget-container\">\n\t\t\t\t\t\t\t\t\t\t\t\t\t\t\t<img loading=\"lazy\" decoding=\"async\" width=\"1000\" height=\"756\" src=\"https:\/\/entreled.eu\/wp-content\/uploads\/2024\/01\/home-element002.svg\" class=\"attachment-full size-full wp-image-1772\" alt=\"\" \/>\t\t\t\t\t\t\t\t\t\t\t\t\t\t\t<\/div>\n\t\t\t\t<\/div>\n\t\t\t\t<div class=\"elementor-element elementor-element-5a7dd62 elementor-widget elementor-widget-text-editor\" data-id=\"5a7dd62\" data-element_type=\"widget\" data-widget_type=\"text-editor.default\">\n\t\t\t\t<div class=\"elementor-widget-container\">\n\t\t\t\t\t\t\t\t\t<h4>E. mokymosi kursas profesinio<br \/>\nrengimo mokytojams<\/h4>\n\t\t\t\t\t\t\t\t<\/div>\n\t\t\t\t<\/div>\n\t\t\t\t<div class=\"elementor-element elementor-element-aabe4ca elementor-align-center elementor-widget elementor-widget-button\" data-id=\"aabe4ca\" data-element_type=\"widget\" data-widget_type=\"button.default\">\n\t\t\t\t<div class=\"elementor-widget-container\">\n\t\t\t\t\t\t\t\t\t<div class=\"elementor-button-wrapper\">\n\t\t\t\t\t<a class=\"elementor-button elementor-button-link elementor-size-sm\" href=\"https:\/\/entreled.eu\/lt\/rezultatai\/#vetteach\">\n\t\t\t\t\t\t<span class=\"elementor-button-content-wrapper\">\n\t\t\t\t\t\t\t\t\t<span class=\"elementor-button-text\">su\u017einoti daugiau<\/span>\n\t\t\t\t\t<\/span>\n\t\t\t\t\t<\/a>\n\t\t\t\t<\/div>\n\t\t\t\t\t\t\t\t<\/div>\n\t\t\t\t<\/div>\n\t\t\t\t<\/div>\n\t\t\t\t<\/div>\n\t\t<div class=\"elementor-element elementor-element-2f9151c e-con-full e-flex e-con e-parent\" data-id=\"2f9151c\" data-element_type=\"container\">\n\t\t\t\t<div class=\"elementor-element elementor-element-e8a99ed elementor-widget elementor-widget-spacer\" data-id=\"e8a99ed\" data-element_type=\"widget\" data-widget_type=\"spacer.default\">\n\t\t\t\t<div class=\"elementor-widget-container\">\n\t\t\t\t\t\t\t<div class=\"elementor-spacer\">\n\t\t\t<div class=\"elementor-spacer-inner\"><\/div>\n\t\t<\/div>\n\t\t\t\t\t\t<\/div>\n\t\t\t\t<\/div>\n\t\t\t\t<\/div>\n\t\t<div class=\"elementor-element elementor-element-f96a658 e-flex e-con-boxed e-con e-parent\" data-id=\"f96a658\" data-element_type=\"container\" data-settings=\"{&quot;background_background&quot;:&quot;gradient&quot;}\">\n\t\t\t\t\t<div class=\"e-con-inner\">\n\t\t\t\t<div class=\"elementor-element elementor-element-62b49e3 elementor-widget__width-initial elementor-widget elementor-widget-text-editor\" data-id=\"62b49e3\" data-element_type=\"widget\" data-widget_type=\"text-editor.default\">\n\t\t\t\t<div class=\"elementor-widget-container\">\n\t\t\t\t\t\t\t\t\t<h2>Naujienos<\/h2>\n\t\t\t\t\t\t\t\t<\/div>\n\t\t\t\t<\/div>\n\t\t<div class=\"elementor-element elementor-element-0e77bd9 e-flex e-con-boxed e-con e-child\" data-id=\"0e77bd9\" data-element_type=\"container\">\n\t\t\t\t\t<div class=\"e-con-inner\">\n\t\t\t\t<div class=\"elementor-element elementor-element-44068fa post elementor-widget elementor-widget-tp-blog-listout\" data-id=\"44068fa\" data-element_type=\"widget\" data-widget_type=\"tp-blog-listout.default\">\n\t\t\t\t\t<div id=\"pt-plus-blog-post-list\" class=\"blog-list post69e75dac88009  list-carousel-slick blog-style-2 hover-image-style-1 layout-style-1  \"   data-slider_direction=\"false\" data-slide_speed=\"1500\" data-slider_desktop_column=\"4\" data-steps_slide=\"1\" data-slider_draggable=\"true\" data-multi_drag=\"false\" data-slider_infinite=\"true\" data-slider_pause_hover=\"false\" data-slider_adaptive_height=\"false\" data-slider_animation=\"ease\" data-slider_autoplay=\"true\" data-autoplay_speed=\"3000\" data-slider_tablet_column=\"3\" data-tablet_steps_slide=\"1\" data-slider_responsive_tablet=\"no\" data-slider_mobile_column=\"2\" data-mobile_steps_slide=\"1\" data-slider_responsive_mobile=\"no\" data-slider_dots=\"true\" data-slider_dots_style=\"slick-dots style-1\" data-slider_arrows=\"false\" data-slider_arrows_style=\"\"  data-arrows_position=\"\"  data-arrow_bg_color=\"\"  data-arrow_icon_color=\"\"  data-arrow_hover_bg_color=\"\"  data-arrow_hover_icon_color=\"\"  data-slider_center_mode=\"false\"  data-center_padding=\"0\"  data-scale_center_slide=\"1\"  data-scale_normal_slide=\"0.8\"  data-opacity_normal_slide=\"0.7\"  data-slider_rows=\"1\"  data-id=\"post69e75dac88009\" data-style=\"style-2\"  data-result=\"{&quot;carousel_direction&quot;:&quot;ltr&quot;}\" data-result=\"{&quot;carousel_direction&quot;:&quot;ltr&quot;}\"dir=ltr data-enable-isotope=\"1\" filter-type = \"normal\"><div id=\"post69e75dac88009\" class=\"tp-row post-inner-loop post69e75dac88009 text-center  \" data-extparam= '{\"loading-opt\":\"skeleton\",\"URL-para\":\"\"}'  ><div class=\"grid-item metro-item      \"><article id=\"post-4757\" class=\"post-4757 post type-post status-publish format-standard has-post-thumbnail hentry category-uncategorized-lt\">\n\t<div class=\"blog-list-content\">\n\t\t\t\t<div class=\"post-content-image\">\n\t\t\t<a href=\"https:\/\/entreled.eu\/lt\/entreled-final-multiplier-event-in-patras\/\">\n\t\t\t\t\t<div class=\"blog-featured-image  tp-cst-img-full img\">\n\t<span class=\"thumb-wrap\">\n\t\t<img loading=\"lazy\" decoding=\"async\" width=\"1200\" height=\"630\" src=\"https:\/\/entreled.eu\/wp-content\/uploads\/2025\/08\/25.08.jpg\" class=\"attachment-full size-full\" alt=\"\" srcset=\"https:\/\/entreled.eu\/wp-content\/uploads\/2025\/08\/25.08.jpg 1200w, https:\/\/entreled.eu\/wp-content\/uploads\/2025\/08\/25.08-300x158.jpg 300w, https:\/\/entreled.eu\/wp-content\/uploads\/2025\/08\/25.08-1024x538.jpg 1024w, https:\/\/entreled.eu\/wp-content\/uploads\/2025\/08\/25.08-768x403.jpg 768w\" sizes=\"(max-width: 1200px) 100vw, 1200px\" \/>\t<\/span>\n\t<\/div>\n\t\t\t<\/a>\n\t\t\t\t\t<\/div>\n\t\t\t\t<div class=\"post-content-bottom\">\n\t\t\t\t\t\t<div class=\"post-metro-content\">\n\t\t\t\t<h3 class=\"post-title\">\n\t<a href=\"https:\/\/entreled.eu\/lt\/entreled-final-multiplier-event-in-patras\/\" class=\"normal\">ENTRELED Final Multiplier Event in Patras<\/a>\n<\/h3>\n\t\t\t\t\t\t\t\t\t<div class=\"post-hover-content\">\n\t\t\t\t\t\t<div class=\"entry-content\">\n\t<p>On July 28, 2025, p-consulting.gr hosted the final multiplier event of the ENTRELED project in Patras, welcoming 24 participants...<\/p>\n<\/div>\n\t\t\t\t\t<\/div>\n\t\t\t\t\t\t\t\t\t\t\t\t\t<div class=\"post-meta-info style-1\"><span class=\"meta-date\"><a href=\"https:\/\/entreled.eu\/lt\/entreled-final-multiplier-event-in-patras\/\"><span class=\"entry-date\">25 rugpj\u016b\u010dio, 2025<\/span><\/a><\/span>\n<\/div>\t\t\t\t\t\t\t<\/div>\n\t\t<\/div>\n\t\t\t\t\t<\/div>\n<\/article>\n<\/div><div class=\"grid-item metro-item      \"><article id=\"post-4740\" class=\"post-4740 post type-post status-publish format-standard has-post-thumbnail hentry category-uncategorized-lt\">\n\t<div class=\"blog-list-content\">\n\t\t\t\t<div class=\"post-content-image\">\n\t\t\t<a href=\"https:\/\/entreled.eu\/lt\/the-entreled-team-from-spain-centro-san-viator\/\">\n\t\t\t\t\t<div class=\"blog-featured-image  tp-cst-img-full img\">\n\t<span class=\"thumb-wrap\">\n\t\t<img loading=\"lazy\" decoding=\"async\" width=\"1200\" height=\"630\" src=\"https:\/\/entreled.eu\/wp-content\/uploads\/2025\/08\/entreled_21.08.jpg\" class=\"attachment-full size-full\" alt=\"\" srcset=\"https:\/\/entreled.eu\/wp-content\/uploads\/2025\/08\/entreled_21.08.jpg 1200w, https:\/\/entreled.eu\/wp-content\/uploads\/2025\/08\/entreled_21.08-300x158.jpg 300w, https:\/\/entreled.eu\/wp-content\/uploads\/2025\/08\/entreled_21.08-1024x538.jpg 1024w, https:\/\/entreled.eu\/wp-content\/uploads\/2025\/08\/entreled_21.08-768x403.jpg 768w\" sizes=\"(max-width: 1200px) 100vw, 1200px\" \/>\t<\/span>\n\t<\/div>\n\t\t\t<\/a>\n\t\t\t\t\t<\/div>\n\t\t\t\t<div class=\"post-content-bottom\">\n\t\t\t\t\t\t<div class=\"post-metro-content\">\n\t\t\t\t<h3 class=\"post-title\">\n\t<a href=\"https:\/\/entreled.eu\/lt\/the-entreled-team-from-spain-centro-san-viator\/\" class=\"normal\">\u03a4he ENTRELED Team from Spain: Centro San Viator<\/a>\n<\/h3>\n\t\t\t\t\t\t\t\t\t<div class=\"post-hover-content\">\n\t\t\t\t\t\t<div class=\"entry-content\">\n\t<p>Behind every European project are the people who bring it to life. Today we introduce you to the passionate...<\/p>\n<\/div>\n\t\t\t\t\t<\/div>\n\t\t\t\t\t\t\t\t\t\t\t\t\t<div class=\"post-meta-info style-1\"><span class=\"meta-date\"><a href=\"https:\/\/entreled.eu\/lt\/the-entreled-team-from-spain-centro-san-viator\/\"><span class=\"entry-date\">21 rugpj\u016b\u010dio, 2025<\/span><\/a><\/span>\n<\/div>\t\t\t\t\t\t\t<\/div>\n\t\t<\/div>\n\t\t\t\t\t<\/div>\n<\/article>\n<\/div><div class=\"grid-item metro-item      \"><article id=\"post-4721\" class=\"post-4721 post type-post status-publish format-standard has-post-thumbnail hentry category-uncategorized-lt\">\n\t<div class=\"blog-list-content\">\n\t\t\t\t<div class=\"post-content-image\">\n\t\t\t<a href=\"https:\/\/entreled.eu\/lt\/behind-the-scenes-of-entreled-bringing-inclusive-microcredentials-to-life\/\">\n\t\t\t\t\t<div class=\"blog-featured-image  tp-cst-img-full img\">\n\t<span class=\"thumb-wrap\">\n\t\t<img loading=\"lazy\" decoding=\"async\" width=\"1200\" height=\"630\" src=\"https:\/\/entreled.eu\/wp-content\/uploads\/2025\/08\/entreled_20.08.jpg\" class=\"attachment-full size-full\" alt=\"\" srcset=\"https:\/\/entreled.eu\/wp-content\/uploads\/2025\/08\/entreled_20.08.jpg 1200w, https:\/\/entreled.eu\/wp-content\/uploads\/2025\/08\/entreled_20.08-300x158.jpg 300w, https:\/\/entreled.eu\/wp-content\/uploads\/2025\/08\/entreled_20.08-1024x538.jpg 1024w, https:\/\/entreled.eu\/wp-content\/uploads\/2025\/08\/entreled_20.08-768x403.jpg 768w\" sizes=\"(max-width: 1200px) 100vw, 1200px\" \/>\t<\/span>\n\t<\/div>\n\t\t\t<\/a>\n\t\t\t\t\t<\/div>\n\t\t\t\t<div class=\"post-content-bottom\">\n\t\t\t\t\t\t<div class=\"post-metro-content\">\n\t\t\t\t<h3 class=\"post-title\">\n\t<a href=\"https:\/\/entreled.eu\/lt\/behind-the-scenes-of-entreled-bringing-inclusive-microcredentials-to-life\/\" class=\"normal\">Behind the Scenes of ENTRELED: Bringing Inclusive Microcredentials to Life<\/a>\n<\/h3>\n\t\t\t\t\t\t\t\t\t<div class=\"post-hover-content\">\n\t\t\t\t\t\t<div class=\"entry-content\">\n\t<p>The ENTRELED project has successfully created innovative online modules and educational games, demonstrating how strong collaboration can forge meaningful...<\/p>\n<\/div>\n\t\t\t\t\t<\/div>\n\t\t\t\t\t\t\t\t\t\t\t\t\t<div class=\"post-meta-info style-1\"><span class=\"meta-date\"><a href=\"https:\/\/entreled.eu\/lt\/behind-the-scenes-of-entreled-bringing-inclusive-microcredentials-to-life\/\"><span class=\"entry-date\">20 rugpj\u016b\u010dio, 2025<\/span><\/a><\/span>\n<\/div>\t\t\t\t\t\t\t<\/div>\n\t\t<\/div>\n\t\t\t\t\t<\/div>\n<\/article>\n<\/div><div class=\"grid-item metro-item      \"><article id=\"post-4708\" class=\"post-4708 post type-post status-publish format-standard has-post-thumbnail hentry category-uncategorized-lt\">\n\t<div class=\"blog-list-content\">\n\t\t\t\t<div class=\"post-content-image\">\n\t\t\t<a href=\"https:\/\/entreled.eu\/lt\/piloting-the-entreled-tools-in-greece\/\">\n\t\t\t\t\t<div class=\"blog-featured-image  tp-cst-img-full img\">\n\t<span class=\"thumb-wrap\">\n\t\t<img loading=\"lazy\" decoding=\"async\" width=\"1200\" height=\"630\" src=\"https:\/\/entreled.eu\/wp-content\/uploads\/2025\/08\/entreled_13.08.jpg\" class=\"attachment-full size-full\" alt=\"\" srcset=\"https:\/\/entreled.eu\/wp-content\/uploads\/2025\/08\/entreled_13.08.jpg 1200w, https:\/\/entreled.eu\/wp-content\/uploads\/2025\/08\/entreled_13.08-300x158.jpg 300w, https:\/\/entreled.eu\/wp-content\/uploads\/2025\/08\/entreled_13.08-1024x538.jpg 1024w, https:\/\/entreled.eu\/wp-content\/uploads\/2025\/08\/entreled_13.08-768x403.jpg 768w\" sizes=\"(max-width: 1200px) 100vw, 1200px\" \/>\t<\/span>\n\t<\/div>\n\t\t\t<\/a>\n\t\t\t\t\t<\/div>\n\t\t\t\t<div class=\"post-content-bottom\">\n\t\t\t\t\t\t<div class=\"post-metro-content\">\n\t\t\t\t<h3 class=\"post-title\">\n\t<a href=\"https:\/\/entreled.eu\/lt\/piloting-the-entreled-tools-in-greece\/\" class=\"normal\">Piloting the ENTRELED Tools in Greece<\/a>\n<\/h3>\n\t\t\t\t\t\t\t\t\t<div class=\"post-hover-content\">\n\t\t\t\t\t\t<div class=\"entry-content\">\n\t<p>Between mid-May and mid-July, p-consulting.gr successfully carried out the piloting phase of the ENTRELED project in Greece. The piloting...<\/p>\n<\/div>\n\t\t\t\t\t<\/div>\n\t\t\t\t\t\t\t\t\t\t\t\t\t<div class=\"post-meta-info style-1\"><span class=\"meta-date\"><a href=\"https:\/\/entreled.eu\/lt\/piloting-the-entreled-tools-in-greece\/\"><span class=\"entry-date\">13 rugpj\u016b\u010dio, 2025<\/span><\/a><\/span>\n<\/div>\t\t\t\t\t\t\t<\/div>\n\t\t<\/div>\n\t\t\t\t\t<\/div>\n<\/article>\n<\/div><\/div><\/div>\t\t\t\t<\/div>\n\t\t\t\t\t<\/div>\n\t\t\t\t<\/div>\n\t\t\t\t<div class=\"elementor-element elementor-element-b3614ea elementor-align-center elementor-widget elementor-widget-button\" data-id=\"b3614ea\" data-element_type=\"widget\" data-widget_type=\"button.default\">\n\t\t\t\t<div class=\"elementor-widget-container\">\n\t\t\t\t\t\t\t\t\t<div class=\"elementor-button-wrapper\">\n\t\t\t\t\t<a class=\"elementor-button elementor-button-link elementor-size-sm\" href=\"https:\/\/entreled.eu\/lt\/naujiena\/\">\n\t\t\t\t\t\t<span class=\"elementor-button-content-wrapper\">\n\t\t\t\t\t\t\t\t\t<span class=\"elementor-button-text\">Daugiau naujien\u0173<\/span>\n\t\t\t\t\t<\/span>\n\t\t\t\t\t<\/a>\n\t\t\t\t<\/div>\n\t\t\t\t\t\t\t\t<\/div>\n\t\t\t\t<\/div>\n\t\t\t\t\t<\/div>\n\t\t\t\t<\/div>\n\t\t<div class=\"elementor-element elementor-element-ec726b5 e-con-full e-flex e-con e-parent\" data-id=\"ec726b5\" data-element_type=\"container\">\n\t\t<div class=\"elementor-element elementor-element-1bfec88 e-con-full e-flex e-con e-child\" data-id=\"1bfec88\" data-element_type=\"container\">\n\t\t\t\t<div class=\"elementor-element elementor-element-4de3e63 elementor-widget elementor-widget-heading\" data-id=\"4de3e63\" data-element_type=\"widget\" data-widget_type=\"heading.default\">\n\t\t\t\t<div class=\"elementor-widget-container\">\n\t\t\t\t\t<h2 class=\"elementor-heading-title elementor-size-default\">Project Video <\/h2>\t\t\t\t<\/div>\n\t\t\t\t<\/div>\n\t\t\t\t<div class=\"elementor-element elementor-element-d3b401b elementor-widget elementor-widget-spacer\" data-id=\"d3b401b\" data-element_type=\"widget\" data-widget_type=\"spacer.default\">\n\t\t\t\t<div class=\"elementor-widget-container\">\n\t\t\t\t\t\t\t<div class=\"elementor-spacer\">\n\t\t\t<div class=\"elementor-spacer-inner\"><\/div>\n\t\t<\/div>\n\t\t\t\t\t\t<\/div>\n\t\t\t\t<\/div>\n\t\t\t\t<div class=\"elementor-element elementor-element-d61afcc elementor-widget elementor-widget-video\" data-id=\"d61afcc\" data-element_type=\"widget\" data-settings=\"{&quot;youtube_url&quot;:&quot;https:\\\/\\\/www.youtube.com\\\/watch?v=YKhESyDsSWU&quot;,&quot;video_type&quot;:&quot;youtube&quot;,&quot;controls&quot;:&quot;yes&quot;}\" data-widget_type=\"video.default\">\n\t\t\t\t<div class=\"elementor-widget-container\">\n\t\t\t\t\t\t\t<div class=\"elementor-wrapper elementor-open-inline\">\n\t\t\t<div class=\"elementor-video\"><\/div>\t\t<\/div>\n\t\t\t\t\t\t<\/div>\n\t\t\t\t<\/div>\n\t\t\t\t<\/div>\n\t\t\t\t<\/div>\n\t\t\t\t<\/div>\n\t\t","protected":false},"excerpt":{"rendered":"<p>Sveiki atvyk\u0119 \u012f Entreled! M\u016bs\u0173 &#8222;Erasmus+&#8221; projektas, kurio tikslas \u2013 \u012fgalinti besimokan\u010dius PRM studentus, turin\u010dius mokymosi sunkum\u0173, ugdant j\u0173 kompetencijas ir \u012fg\u016bd\u017eius, kuriuos jie gali \u012fgyti \u017eiedin\u0117s ekonomikos sektoriuje. Rodyti daugiau I\u0161ry\u0161kinkite savo profesinio rengimo ir mokymo potencial\u0105 Ko mes siekiame! Taikydama specialiai pritaikytus metodus ir novatori\u0161kas strategijas, ENTRELED siekia suteikti \u0161iems besimokantiesiems \u012fg\u016bd\u017ei\u0173 ir [&hellip;]<\/p>\n","protected":false},"author":1,"featured_media":0,"parent":0,"menu_order":0,"comment_status":"closed","ping_status":"closed","template":"elementor_header_footer","meta":{"footnotes":""},"class_list":["post-2136","page","type-page","status-publish","hentry"],"_links":{"self":[{"href":"https:\/\/entreled.eu\/lt\/wp-json\/wp\/v2\/pages\/2136","targetHints":{"allow":["GET"]}}],"collection":[{"href":"https:\/\/entreled.eu\/lt\/wp-json\/wp\/v2\/pages"}],"about":[{"href":"https:\/\/entreled.eu\/lt\/wp-json\/wp\/v2\/types\/page"}],"author":[{"embeddable":true,"href":"https:\/\/entreled.eu\/lt\/wp-json\/wp\/v2\/users\/1"}],"replies":[{"embeddable":true,"href":"https:\/\/entreled.eu\/lt\/wp-json\/wp\/v2\/comments?post=2136"}],"version-history":[{"count":8,"href":"https:\/\/entreled.eu\/lt\/wp-json\/wp\/v2\/pages\/2136\/revisions"}],"predecessor-version":[{"id":2192,"href":"https:\/\/entreled.eu\/lt\/wp-json\/wp\/v2\/pages\/2136\/revisions\/2192"}],"wp:attachment":[{"href":"https:\/\/entreled.eu\/lt\/wp-json\/wp\/v2\/media?parent=2136"}],"curies":[{"name":"wp","href":"https:\/\/api.w.org\/{rel}","templated":true}]}}