{"id":4302,"date":"2025-05-13T07:31:11","date_gmt":"2025-05-13T07:31:11","guid":{"rendered":"https:\/\/entreled.eu\/evaluacion-de-juegos\/"},"modified":"2025-05-20T06:48:53","modified_gmt":"2025-05-20T06:48:53","slug":"evaluacion-de-juegos","status":"publish","type":"page","link":"https:\/\/entreled.eu\/es\/evaluacion-de-juegos\/","title":{"rendered":"Evaluaci\u00f3n de juegos"},"content":{"rendered":"\t\t<div data-elementor-type=\"wp-page\" data-elementor-id=\"4302\" class=\"elementor elementor-4302 elementor-4214\" data-elementor-post-type=\"page\">\n\t\t\t\t<div class=\"elementor-element elementor-element-5ee74a0 e-con-full e-flex e-con e-parent\" data-id=\"5ee74a0\" data-element_type=\"container\">\n\t\t<div class=\"elementor-element elementor-element-5a73c55 e-con-full e-flex e-con e-child\" data-id=\"5a73c55\" data-element_type=\"container\">\n\t\t<div class=\"elementor-element elementor-element-c82cf19 e-flex e-con-boxed e-con e-child\" data-id=\"c82cf19\" data-element_type=\"container\" data-settings=\"{&quot;background_background&quot;:&quot;classic&quot;}\">\n\t\t\t\t\t<div class=\"e-con-inner\">\n\t\t\t\t<div class=\"elementor-element elementor-element-6fce0bf elementor-widget elementor-widget-image\" data-id=\"6fce0bf\" data-element_type=\"widget\" data-widget_type=\"image.default\">\n\t\t\t\t<div class=\"elementor-widget-container\">\n\t\t\t\t\t\t\t\t\t\t\t\t\t\t\t<img fetchpriority=\"high\" decoding=\"async\" width=\"1336\" height=\"1119\" src=\"https:\/\/entreled.eu\/wp-content\/uploads\/2024\/01\/Info_material01.svg\" class=\"attachment-full size-full wp-image-1793\" alt=\"\" \/>\t\t\t\t\t\t\t\t\t\t\t\t\t\t\t<\/div>\n\t\t\t\t<\/div>\n\t\t\t\t<div class=\"elementor-element elementor-element-9974007 elementor-widget elementor-widget-heading\" data-id=\"9974007\" data-element_type=\"widget\" data-widget_type=\"heading.default\">\n\t\t\t\t<div class=\"elementor-widget-container\">\n\t\t\t\t\t<h1 class=\"elementor-heading-title elementor-size-default\">Evaluaci\u00f3n de juegos<\/h1>\t\t\t\t<\/div>\n\t\t\t\t<\/div>\n\t\t\t\t<div class=\"elementor-element elementor-element-c88ad07 elementor-widget elementor-widget-spacer\" data-id=\"c88ad07\" data-element_type=\"widget\" data-widget_type=\"spacer.default\">\n\t\t\t\t<div class=\"elementor-widget-container\">\n\t\t\t\t\t\t\t<div class=\"elementor-spacer\">\n\t\t\t<div class=\"elementor-spacer-inner\"><\/div>\n\t\t<\/div>\n\t\t\t\t\t\t<\/div>\n\t\t\t\t<\/div>\n\t\t\t\t<div class=\"elementor-element elementor-element-733ac8d elementor-widget elementor-widget-text-editor\" data-id=\"733ac8d\" data-element_type=\"widget\" data-widget_type=\"text-editor.default\">\n\t\t\t\t<div class=\"elementor-widget-container\">\n\t\t\t\t\t\t\t\t\t<p>Gracias por utilizar los juegos educativos digitales ENTRELED.<\/p>\n<p>Para ayudarnos a mejorarlos, rellena los siguientes cuestionarios de evaluaci\u00f3n.<\/p>\n\t\t\t\t\t\t\t\t<\/div>\n\t\t\t\t<\/div>\n\t\t\t\t<div class=\"elementor-element elementor-element-cc66088 elementor-widget elementor-widget-text-editor\" data-id=\"cc66088\" data-element_type=\"widget\" data-widget_type=\"text-editor.default\">\n\t\t\t\t<div class=\"elementor-widget-container\">\n\t\t\t\t\t\t\t\t\t<p><em>*Si ya has cumplimentado el formulario de evaluaci\u00f3n de impacto com\u00fan en la secci\u00f3n de la formaci\u00f3n \u201ce-learning\u201d, no es necesario que vuelva a cumplimentarlo.<\/em><\/p>\n\t\t\t\t\t\t\t\t<\/div>\n\t\t\t\t<\/div>\n\t\t\t\t<div class=\"elementor-element elementor-element-1f2b8f5 elementor-widget elementor-widget-spacer\" data-id=\"1f2b8f5\" data-element_type=\"widget\" data-widget_type=\"spacer.default\">\n\t\t\t\t<div class=\"elementor-widget-container\">\n\t\t\t\t\t\t\t<div class=\"elementor-spacer\">\n\t\t\t<div class=\"elementor-spacer-inner\"><\/div>\n\t\t<\/div>\n\t\t\t\t\t\t<\/div>\n\t\t\t\t<\/div>\n\t\t<div class=\"elementor-element elementor-element-05206ec e-con-full e-flex e-con e-child\" data-id=\"05206ec\" data-element_type=\"container\">\n\t\t<div class=\"elementor-element elementor-element-90da8ce e-con-full e-flex e-con e-child\" data-id=\"90da8ce\" data-element_type=\"container\">\n\t\t\t\t<div class=\"elementor-element elementor-element-2c5bdb8 elementor-widget elementor-widget-heading\" data-id=\"2c5bdb8\" data-element_type=\"widget\" data-widget_type=\"heading.default\">\n\t\t\t\t<div class=\"elementor-widget-container\">\n\t\t\t\t\t<h4 class=\"elementor-heading-title elementor-size-default\">Formulario de evaluaci\u00f3n de juegos educativos digitales \u2013 Alumnado<\/h4>\t\t\t\t<\/div>\n\t\t\t\t<\/div>\n\t\t\t\t<div class=\"elementor-element elementor-element-2b4c1bb elementor-align-center elementor-widget elementor-widget-button\" data-id=\"2b4c1bb\" data-element_type=\"widget\" data-widget_type=\"button.default\">\n\t\t\t\t<div class=\"elementor-widget-container\">\n\t\t\t\t\t\t\t\t\t<div class=\"elementor-button-wrapper\">\n\t\t\t\t\t<a class=\"elementor-button elementor-button-link elementor-size-sm\" href=\"https:\/\/docs.google.com\/forms\/d\/e\/1FAIpQLSfTbOheLTmpVeUrwLcn8I1ZwLLXa33EVEtM5kaCf0tJm_KMWw\/viewform?usp=dialog\" target=\"_blank\" rel=\"noopener\">\n\t\t\t\t\t\t<span class=\"elementor-button-content-wrapper\">\n\t\t\t\t\t\t\t\t\t<span class=\"elementor-button-text\">Pulse aqu\u00ed<\/span>\n\t\t\t\t\t<\/span>\n\t\t\t\t\t<\/a>\n\t\t\t\t<\/div>\n\t\t\t\t\t\t\t\t<\/div>\n\t\t\t\t<\/div>\n\t\t\t\t<\/div>\n\t\t\t\t<\/div>\n\t\t\t\t<div class=\"elementor-element elementor-element-7e14a55 elementor-widget elementor-widget-spacer\" data-id=\"7e14a55\" data-element_type=\"widget\" data-widget_type=\"spacer.default\">\n\t\t\t\t<div class=\"elementor-widget-container\">\n\t\t\t\t\t\t\t<div class=\"elementor-spacer\">\n\t\t\t<div class=\"elementor-spacer-inner\"><\/div>\n\t\t<\/div>\n\t\t\t\t\t\t<\/div>\n\t\t\t\t<\/div>\n\t\t<div class=\"elementor-element elementor-element-3477363 e-con-full e-flex e-con e-child\" data-id=\"3477363\" data-element_type=\"container\">\n\t\t<div class=\"elementor-element elementor-element-49d3459 e-con-full e-flex e-con e-child\" data-id=\"49d3459\" data-element_type=\"container\">\n\t\t\t\t<div class=\"elementor-element elementor-element-c6be637 elementor-widget elementor-widget-heading\" data-id=\"c6be637\" data-element_type=\"widget\" data-widget_type=\"heading.default\">\n\t\t\t\t<div class=\"elementor-widget-container\">\n\t\t\t\t\t<h4 class=\"elementor-heading-title elementor-size-default\">Formulario de evaluaci\u00f3n de juegos educativos digitales \u2013 Profesorado<\/h4>\t\t\t\t<\/div>\n\t\t\t\t<\/div>\n\t\t\t\t<div class=\"elementor-element elementor-element-80a4441 elementor-align-center elementor-widget elementor-widget-button\" data-id=\"80a4441\" data-element_type=\"widget\" data-widget_type=\"button.default\">\n\t\t\t\t<div class=\"elementor-widget-container\">\n\t\t\t\t\t\t\t\t\t<div class=\"elementor-button-wrapper\">\n\t\t\t\t\t<a class=\"elementor-button elementor-button-link elementor-size-sm\" href=\"https:\/\/docs.google.com\/forms\/d\/e\/1FAIpQLScMxRQcviC-Nsdd417A4HpN6jyHHpuYQQxhhQxyrAEWKt6IdA\/viewform?usp=dialog\" target=\"_blank\" rel=\"noopener\">\n\t\t\t\t\t\t<span class=\"elementor-button-content-wrapper\">\n\t\t\t\t\t\t\t\t\t<span class=\"elementor-button-text\">Pulse aqu\u00ed<\/span>\n\t\t\t\t\t<\/span>\n\t\t\t\t\t<\/a>\n\t\t\t\t<\/div>\n\t\t\t\t\t\t\t\t<\/div>\n\t\t\t\t<\/div>\n\t\t\t\t<\/div>\n\t\t\t\t<\/div>\n\t\t\t\t<div class=\"elementor-element elementor-element-ed2e1ca elementor-widget elementor-widget-spacer\" data-id=\"ed2e1ca\" data-element_type=\"widget\" data-widget_type=\"spacer.default\">\n\t\t\t\t<div class=\"elementor-widget-container\">\n\t\t\t\t\t\t\t<div class=\"elementor-spacer\">\n\t\t\t<div class=\"elementor-spacer-inner\"><\/div>\n\t\t<\/div>\n\t\t\t\t\t\t<\/div>\n\t\t\t\t<\/div>\n\t\t<div class=\"elementor-element elementor-element-0c6bc2e e-con-full e-flex e-con e-child\" data-id=\"0c6bc2e\" data-element_type=\"container\">\n\t\t<div class=\"elementor-element elementor-element-6ec7389 e-con-full e-flex e-con e-child\" data-id=\"6ec7389\" data-element_type=\"container\">\n\t\t\t\t<div class=\"elementor-element elementor-element-a1a8b08 elementor-widget elementor-widget-heading\" data-id=\"a1a8b08\" data-element_type=\"widget\" data-widget_type=\"heading.default\">\n\t\t\t\t<div class=\"elementor-widget-container\">\n\t\t\t\t\t<h4 class=\"elementor-heading-title elementor-size-default\">Formulario com\u00fan de evaluaci\u00f3n de impacto (para profesorado y alumnado)<\/h4>\t\t\t\t<\/div>\n\t\t\t\t<\/div>\n\t\t\t\t<div class=\"elementor-element elementor-element-1b3e03a elementor-align-center elementor-widget elementor-widget-button\" data-id=\"1b3e03a\" data-element_type=\"widget\" data-widget_type=\"button.default\">\n\t\t\t\t<div class=\"elementor-widget-container\">\n\t\t\t\t\t\t\t\t\t<div class=\"elementor-button-wrapper\">\n\t\t\t\t\t<a class=\"elementor-button elementor-button-link elementor-size-sm\" href=\"https:\/\/docs.google.com\/forms\/d\/e\/1FAIpQLScLIO_CfNRhr-lEfCYHIgHc-_6NPHyeFrFk2741ZDo5stFEEQ\/viewform?usp=dialog\" target=\"_blank\" rel=\"noopener\">\n\t\t\t\t\t\t<span class=\"elementor-button-content-wrapper\">\n\t\t\t\t\t\t\t\t\t<span class=\"elementor-button-text\">Pulse aqu\u00ed<\/span>\n\t\t\t\t\t<\/span>\n\t\t\t\t\t<\/a>\n\t\t\t\t<\/div>\n\t\t\t\t\t\t\t\t<\/div>\n\t\t\t\t<\/div>\n\t\t\t\t<\/div>\n\t\t\t\t<\/div>\n\t\t\t\t<div class=\"elementor-element elementor-element-d3ee1bc elementor-widget elementor-widget-spacer\" data-id=\"d3ee1bc\" data-element_type=\"widget\" data-widget_type=\"spacer.default\">\n\t\t\t\t<div class=\"elementor-widget-container\">\n\t\t\t\t\t\t\t<div class=\"elementor-spacer\">\n\t\t\t<div class=\"elementor-spacer-inner\"><\/div>\n\t\t<\/div>\n\t\t\t\t\t\t<\/div>\n\t\t\t\t<\/div>\n\t\t\t\t<div class=\"elementor-element elementor-element-3f80c67 elementor-widget elementor-widget-spacer\" data-id=\"3f80c67\" data-element_type=\"widget\" data-widget_type=\"spacer.default\">\n\t\t\t\t<div class=\"elementor-widget-container\">\n\t\t\t\t\t\t\t<div class=\"elementor-spacer\">\n\t\t\t<div class=\"elementor-spacer-inner\"><\/div>\n\t\t<\/div>\n\t\t\t\t\t\t<\/div>\n\t\t\t\t<\/div>\n\t\t\t\t<div class=\"elementor-element elementor-element-5297386 elementor-widget elementor-widget-spacer\" data-id=\"5297386\" data-element_type=\"widget\" data-widget_type=\"spacer.default\">\n\t\t\t\t<div class=\"elementor-widget-container\">\n\t\t\t\t\t\t\t<div class=\"elementor-spacer\">\n\t\t\t<div class=\"elementor-spacer-inner\"><\/div>\n\t\t<\/div>\n\t\t\t\t\t\t<\/div>\n\t\t\t\t<\/div>\n\t\t\t\t\t<\/div>\n\t\t\t\t<\/div>\n\t\t\t\t<\/div>\n\t\t\t\t<\/div>\n\t\t\t\t<\/div>\n\t\t","protected":false},"excerpt":{"rendered":"<p>Evaluaci\u00f3n de juegos Gracias por utilizar los juegos educativos digitales ENTRELED. Para ayudarnos a mejorarlos, rellena los siguientes cuestionarios de evaluaci\u00f3n. *Si ya has cumplimentado el formulario de evaluaci\u00f3n de impacto com\u00fan en la secci\u00f3n de la formaci\u00f3n \u201ce-learning\u201d, no es necesario que vuelva a cumplimentarlo. Formulario de evaluaci\u00f3n de juegos educativos digitales \u2013 Alumnado [&hellip;]<\/p>\n","protected":false},"author":5,"featured_media":0,"parent":0,"menu_order":0,"comment_status":"closed","ping_status":"closed","template":"","meta":{"footnotes":""},"class_list":["post-4302","page","type-page","status-publish","hentry"],"_links":{"self":[{"href":"https:\/\/entreled.eu\/es\/wp-json\/wp\/v2\/pages\/4302","targetHints":{"allow":["GET"]}}],"collection":[{"href":"https:\/\/entreled.eu\/es\/wp-json\/wp\/v2\/pages"}],"about":[{"href":"https:\/\/entreled.eu\/es\/wp-json\/wp\/v2\/types\/page"}],"author":[{"embeddable":true,"href":"https:\/\/entreled.eu\/es\/wp-json\/wp\/v2\/users\/5"}],"replies":[{"embeddable":true,"href":"https:\/\/entreled.eu\/es\/wp-json\/wp\/v2\/comments?post=4302"}],"version-history":[{"count":1,"href":"https:\/\/entreled.eu\/es\/wp-json\/wp\/v2\/pages\/4302\/revisions"}],"predecessor-version":[{"id":4303,"href":"https:\/\/entreled.eu\/es\/wp-json\/wp\/v2\/pages\/4302\/revisions\/4303"}],"wp:attachment":[{"href":"https:\/\/entreled.eu\/es\/wp-json\/wp\/v2\/media?parent=4302"}],"curies":[{"name":"wp","href":"https:\/\/api.w.org\/{rel}","templated":true}]}}